{"id":420,"date":"2014-07-08T12:15:14","date_gmt":"2014-07-08T12:15:14","guid":{"rendered":"http:\/\/buzetski-dani.com\/?page_id=420"},"modified":"2025-09-18T10:33:33","modified_gmt":"2025-09-18T10:33:33","slug":"info-gledatelji","status":"publish","type":"page","link":"https:\/\/buzetski-dani.com\/hr\/info-gledatelji\/","title":{"rendered":"INFO GLEDATELJI"},"content":{"rendered":"<div class=\"wpb-content-wrapper\"><p>[vc_row full_width=&#8221;stretch_row_content_no_spaces&#8221; content_placement=&#8221;middle&#8221; css=&#8221;.vc_custom_1754201167705{margin-top: 0px !important;padding-top: 3vh !important;padding-bottom: 3vh !important;background-color: #000000 !important;}&#8221;][vc_column][\/vc_column][\/vc_row][vc_row css=&#8221;.vc_custom_1757670588511{margin-bottom: 20px !important;}&#8221;][vc_column width=&#8221;2\/3&#8243; css=&#8221;.vc_custom_1754251504280{padding-right: 5% !important;}&#8221;][vc_column_text css=&#8221;&#8221;]<\/p>\n<h2>Kako do nas<\/h2>\n<p><iframe loading=\"lazy\" style=\"border: 0;\" src=\"https:\/\/www.google.com\/maps\/embed?pb=!1m14!1m12!1m3!1d1951.4281945265639!2d13.964088990967461!3d45.40111399363827!2m3!1f0!2f0!3f0!3m2!1i1024!2i768!4f13.1!5e1!3m2!1shr!2shr!4v1405342940525\" width=\"100%\" height=\"300\" frameborder=\"0\"><\/iframe><\/p>\n<p>Lako nas je prona\u0107i. Na tridesetak kilometara nalazi se aerodrom u Portoro\u017eu, a na sedamdesetak onaj u Puli. Mo\u017eete sti\u0107i i preko aerodroma na Krku (100 km) ili onoga u Trstu (Ronchi dei Legionari \u2013 70 km). Dolazite li preko Zagreba, vozite autocestom A6 do Rijeke te nastavite prema Tunelu U\u010dka do izlaza Lupoglav. Kre\u0107ete u pravcu Buzet. Iz Pule vozite prema Pazinu i na izlazu Baderna krenete u pravcu Motovun \u2013 Livade &#8211; Buzet. Sti\u017eete li iz Italije, vozite u pravcu Trst \u2013 Koper te na izlazu Dekani krenete prema grani\u010dnom prijelazu Po\u017eane i nastavite u smjeru Buzet. Iz smjera Austrije, vozite kroz Sloveniju, autocestom Maribor \u2013 Ljubljana \u2013 Koper. Na izlazu Dekani pratite smjer prema selu Ri\u017eana to grani\u010dnog prelaza Po\u017eane te nastavite put prema Buzetu (10 minuta).[\/vc_column_text][vc_column_text]<strong><em>Prijatelji iz Rally-a snimili su video o sigurnosti gledatelja, osim za Rally sigurnost gledatelja je va\u017ena i u ostalim disciplinama auto sporta<\/em><\/strong>[\/vc_column_text][vc_video link=&#8221;https:\/\/www.youtube.com\/embed\/IshXBw3yPzI&#8221; align=&#8221;center&#8221;][\/vc_column][vc_column width=&#8221;1\/3&#8243; css=&#8221;.vc_custom_1758191089085{margin-top: 5% !important;padding-top: 8% !important;padding-right: 8% !important;padding-bottom: 8% !important;padding-left: 8% !important;background-color: rgba(0,0,0,0.1) !important;*background-color: rgb(0,0,0) !important;border-radius: 10px !important;}&#8221;][vc_custom_heading text=&#8221;SIGURNOST GLEDATELJA&#8221; font_container=&#8221;tag:h4|text_align:center&#8221; use_theme_fonts=&#8221;yes&#8221; css=&#8221;.vc_custom_1758191141607{margin-bottom: 20px !important;}&#8221;][vc_btn title=&#8221;LETAK SIGURNOSTI GLEDATELJA (.pdf)&#8221; color=&#8221;warning&#8221; align=&#8221;center&#8221; css=&#8221;&#8221; button_block=&#8221;true&#8221; link=&#8221;url:http%3A%2F%2Fbuzetski-dani.com%2Fwp-content%2Fuploads%2F2014%2F07%2Fletak-sigurnosti.pdf|title:SIGURNOST%20GLEDATELJA|target:_blank&#8221;][vc_btn title=&#8221;FIA ZELENI VODI\u010c ZA GLEDATELJE (.pdf)&#8221; color=&#8221;blue&#8221; align=&#8221;center&#8221; css=&#8221;&#8221; button_block=&#8221;true&#8221; link=&#8221;url:http%3A%2F%2Fbuzetski-dani.com%2Fwp-content%2Fuploads%2F2017%2F08%2FAction-for-Environment_hr.pdf|title:FIA%20ZELENI%20VODI%C4%8C%20ZA%20GLEDATELJE|target:_blank&#8221;][vc_separator css=&#8221;&#8221;][vc_column_text css=&#8221;&#8221;]<\/p>\n<h3 style=\"text-align: center;\"><strong>PJE\u0160A\u010cKA STAZA ZA POSJETITELJE<\/strong><\/h3>\n<p>Za sve posjetitelje Buzetskih dana pripremili smo sigurnu i markiranu pje\u0161a\u010dku stazu koja vodi od starta do cilja utrke. Ova staza je o\u010di\u0161\u0107ena i ozna\u010dena kako bi svi mogli imati ugodan i siguran pristup svakom dijelu trase.<\/p>\n<p>Pozivamo vas da putem interaktivne karte u nastavku detaljno istra\u017eite rutu i odaberete mjesto s kojeg \u017eelite promatrati utrku ili jednostavno u\u017eivati u prirodi tijekom \u0161etnje.[\/vc_column_text][vc_btn title=&#8221;Interaktivna karta pje\u0161a\u010dke staze&#8221; color=&#8221;mulled-wine&#8221; align=&#8221;center&#8221; css=&#8221;&#8221; button_block=&#8221;true&#8221; link=&#8221;url:https%3A%2F%2Fwww.google.com%2Fmaps%2Fd%2Fviewer%3Fmid%3D1owlNYd1y4fko8B2FVFpjEfzbgGFWWRc%26usp%3Dsharing|title:Interaktivna%20karta%20pje%C5%A1a%C4%8Dke%20staze|target:_blank&#8221;][\/vc_column][\/vc_row][vc_row full_width=&#8221;stretch_row&#8221; css=&#8221;.vc_custom_1757670634746{background-color: #000000 !important;}&#8221;][vc_column][vc_basic_grid post_type=&#8221;post&#8221; max_items=&#8221;6&#8243; item=&#8221;masonryMedia_SimpleOverlay&#8221; css=&#8221;&#8221; grid_id=&#8221;vc_gid:1758190762419-6be75a81-3281-10&#8243; taxonomies=&#8221;45&#8243;][\/vc_column][\/vc_row][vc_row full_width=&#8221;stretch_row_content&#8221; css=&#8221;.vc_custom_1757658919322{margin-top: 5% !important;background-color: #F9F9F9 !important;}&#8221; el_class=&#8221;gal&#8221;][vc_column][vc_masonry_grid post_type=&#8221;post&#8221; max_items=&#8221;6&#8243; element_width=&#8221;2&#8243; item=&#8221;mediaGrid_BlurWithContentBlock&#8221; css=&#8221;&#8221; grid_id=&#8221;vc_gid:1758190762419-0691793a-c12b-3&#8243; taxonomies=&#8221;3&#8243;][\/vc_column][\/vc_row]<\/p>\n<\/div>","protected":false},"excerpt":{"rendered":"<p>[vc_row full_width=&#8221;stretch_row_content_no_spaces&#8221; content_placement=&#8221;middle&#8221; css=&#8221;.vc_custom_1754201167705{margin-top: 0px !important;padding-top: 3vh !important;padding-bottom: 3vh !important;background-color: #000000 !important;}&#8221;][vc_column][\/vc_column][\/vc_row][vc_row css=&#8221;.vc_custom_1757670588511{margin-bottom: 20px !important;}&#8221;][vc_column width=&#8221;2\/3&#8243; css=&#8221;.vc_custom_1754251504280{padding-right: 5% !important;}&#8221;][vc_column_text css=&#8221;&#8221;] Kako do nas Lako nas je prona\u0107i. Na tridesetak kilometara nalazi se aerodrom u Portoro\u017eu, a na sedamdesetak onaj u Puli. Mo\u017eete sti\u0107i i preko aerodroma na Krku (100 km) ili onoga u Trstu (Ronchi [&hellip;]<\/p>\n","protected":false},"author":1,"featured_media":0,"parent":0,"menu_order":0,"comment_status":"closed","ping_status":"open","template":"","meta":{"_uag_custom_page_level_css":"","site-sidebar-layout":"no-sidebar","site-content-layout":"plain-container","ast-site-content-layout":"normal-width-container","site-content-style":"unboxed","site-sidebar-style":"unboxed","ast-global-header-display":"","ast-banner-title-visibility":"","ast-main-header-display":"","ast-hfb-above-header-display":"","ast-hfb-below-header-display":"","ast-hfb-mobile-header-display":"","site-post-title":"disabled","ast-breadcrumbs-content":"","ast-featured-img":"disabled","footer-sml-layout":"","ast-disable-related-posts":"","theme-transparent-header-meta":"enabled","adv-header-id-meta":"","stick-header-meta":"","header-above-stick-meta":"","header-main-stick-meta":"","header-below-stick-meta":"","astra-migrate-meta-layouts":"set","ast-page-background-enabled":"default","ast-page-background-meta":{"desktop":{"background-color":"","background-image":"","background-repeat":"repeat","background-position":"center center","background-size":"auto","background-attachment":"scroll","background-type":"","background-media":"","overlay-type":"","overlay-color":"","overlay-opacity":"","overlay-gradient":""},"tablet":{"background-color":"","background-image":"","background-repeat":"repeat","background-position":"center center","background-size":"auto","background-attachment":"scroll","background-type":"","background-media":"","overlay-type":"","overlay-color":"","overlay-opacity":"","overlay-gradient":""},"mobile":{"background-color":"","background-image":"","background-repeat":"repeat","background-position":"center center","background-size":"auto","background-attachment":"scroll","background-type":"","background-media":"","overlay-type":"","overlay-color":"","overlay-opacity":"","overlay-gradient":""}},"ast-content-background-meta":{"desktop":{"background-color":"var(--ast-global-color-5)","background-image":"","background-repeat":"repeat","background-position":"center center","background-size":"auto","background-attachment":"scroll","background-type":"","background-media":"","overlay-type":"","overlay-color":"","overlay-opacity":"","overlay-gradient":""},"tablet":{"background-color":"var(--ast-global-color-5)","background-image":"","background-repeat":"repeat","background-position":"center center","background-size":"auto","background-attachment":"scroll","background-type":"","background-media":"","overlay-type":"","overlay-color":"","overlay-opacity":"","overlay-gradient":""},"mobile":{"background-color":"var(--ast-global-color-5)","background-image":"","background-repeat":"repeat","background-position":"center center","background-size":"auto","background-attachment":"scroll","background-type":"","background-media":"","overlay-type":"","overlay-color":"","overlay-opacity":"","overlay-gradient":""}},"footnotes":""},"class_list":["post-420","page","type-page","status-publish","hentry"],"uagb_featured_image_src":{"full":false,"thumbnail":false,"medium":false,"medium_large":false,"large":false,"1536x1536":false,"2048x2048":false},"uagb_author_info":{"display_name":"Buzetski dani","author_link":"https:\/\/buzetski-dani.com\/hr\/author\/karmen\/"},"uagb_comment_info":0,"uagb_excerpt":"[vc_row full_width=&#8221;stretch_row_content_no_spaces&#8221; content_placement=&#8221;middle&#8221; css=&#8221;.vc_custom_1754201167705{margin-top: 0px !important;padding-top: 3vh !important;padding-bottom: 3vh !important;background-color: #000000 !important;}&#8221;][vc_column][\/vc_column][\/vc_row][vc_row css=&#8221;.vc_custom_1757670588511{margin-bottom: 20px !important;}&#8221;][vc_column width=&#8221;2\/3&#8243; css=&#8221;.vc_custom_1754251504280{padding-right: 5% !important;}&#8221;][vc_column_text css=&#8221;&#8221;] Kako do nas Lako nas je prona\u0107i. Na tridesetak kilometara nalazi se aerodrom u Portoro\u017eu, a na sedamdesetak onaj u Puli. Mo\u017eete sti\u0107i i preko aerodroma na Krku (100 km) ili onoga u Trstu (Ronchi&hellip;","_links":{"self":[{"href":"https:\/\/buzetski-dani.com\/hr\/wp-json\/wp\/v2\/pages\/420","targetHints":{"allow":["GET"]}}],"collection":[{"href":"https:\/\/buzetski-dani.com\/hr\/wp-json\/wp\/v2\/pages"}],"about":[{"href":"https:\/\/buzetski-dani.com\/hr\/wp-json\/wp\/v2\/types\/page"}],"author":[{"embeddable":true,"href":"https:\/\/buzetski-dani.com\/hr\/wp-json\/wp\/v2\/users\/1"}],"replies":[{"embeddable":true,"href":"https:\/\/buzetski-dani.com\/hr\/wp-json\/wp\/v2\/comments?post=420"}],"version-history":[{"count":69,"href":"https:\/\/buzetski-dani.com\/hr\/wp-json\/wp\/v2\/pages\/420\/revisions"}],"predecessor-version":[{"id":4933,"href":"https:\/\/buzetski-dani.com\/hr\/wp-json\/wp\/v2\/pages\/420\/revisions\/4933"}],"wp:attachment":[{"href":"https:\/\/buzetski-dani.com\/hr\/wp-json\/wp\/v2\/media?parent=420"}],"curies":[{"name":"wp","href":"https:\/\/api.w.org\/{rel}","templated":true}]}}