{"id":25,"date":"2014-06-22T12:36:32","date_gmt":"2014-06-22T12:36:32","guid":{"rendered":"http:\/\/buzetski-dani.com\/?page_id=25"},"modified":"2019-04-25T09:18:23","modified_gmt":"2019-04-25T09:18:23","slug":"o-buzetu","status":"publish","type":"page","link":"https:\/\/buzetski-dani.com\/hr\/o-buzetu\/","title":{"rendered":"O BUZETU"},"content":{"rendered":"<div class=\"wpb-content-wrapper\"><p>[vc_row][vc_column][vc_single_image image=&#8221;312&#8243; img_size=&#8221;full&#8221;][vc_column_text]<\/p>\n<h4><em>Buzet, zajedno s okolicom, poznatom kao Buze\u0161tina obuhva\u0107a 165 km2 i oko 6000 stanovnika. Pod Buze\u0161tinom se podrazumijeva podru\u010dje grada Buzeta, te sva sela i zaselci Ro\u0161tine, Hum\u0161tine, Vrhuv\u0161tine, Ra\u010di\u0161tine, Sovinj\u0161tine. Podru\u010dje Buze\u0161tine smje\u0161teno je u najsjevernijem unutra\u0161njem dijelu Istre, na prostoru izme\u0111u tri velika gradska sredi\u0161ta: Rijeke, Trsta i Pule.<\/em><\/h4>\n<p>Podru\u010dje je vrlo raznoliko, od 10 m do preko 1000 m nadmorske visine. Iz toga proizlaze i razlike u klimi. Dok u dolini rijeke Mirne prevladava blaga mediteranska klima, u planinskom dijelu \u0106i\u0107arije vlada kontinentalna, planinska klima.<\/p>\n<p>Podru\u010dje \u0106i\u0107arije, tzv.\u00bbKROV Istre\u00bb, sa svojim \u0161umovitim predjelima, divnim travnjacima i pa\u0161njacima, mo\u017ee pru\u017eiti ugodan odmor, osobito u ljetnim mjesecima, a ljubiteljima zimskih radosti i zimi. U dolini rijeke Mirne, uz rub Motovunske \u0161ume razvio se zdravstveni turizam u lje\u010dili\u0161tu Istarske toplice. Imaju\u0107i u vidu narodnu izreku \u00abZdravlje je najve\u0107e bogatstvo \u010dovjeka\u00bb Istarske Toplice pru\u017eaju sumpornu vodu, termalne i blatne kupke koje se koriste za lije\u010denje reumatskih bolesti i endokrilnog sustava.[\/vc_column_text][vc_column_text]<\/p>\n<h2>POVIJEST BUZETA<\/h2>\n<p>Buzet, gradi\u0107 u sjevernoj Istri. Ugnije\u017e\u0111en na lijepom bre\u017euljku iznad rijeke Mirne koja polako protje\u010de dolinom za\u0161ti\u0107enom sa sjevera planinskim lancem \u0106i\u0107arije, Raspadalicom \u2013 uzleti\u0161te parajedrilica, a s juga ni\u017eim obroncima sive Istre.<\/p>\n<p>Prema zapisima povjesni\u010dara i arheolo\u0161kim nalazi\u0161tima to je podru\u010dje bilo naseljeno jo\u0161 u prapovijesti. Na to nas upu\u0107uje akropolni polo\u017eaj grada i pradavna tradicija obrambenog naselja unutar kojeg se razvilo gradsko tkivo sa cjellinama i objektima dostojanstvene ljepote. O gospodarskim i politi\u010dkim odnosima s Rimskim Carstvom svjedo\u010de svi dosad poznati spomenici buzetskog kraja.<\/p>\n<p>Nakon razaranja utvrde Ra\u0161por (1511.) sjedi\u0161te Ra\u0161porskog kapetana postaje Buzet. Sredinom XVI. Stolje\u0107a grad je \u017eivio punim \u017eivotom u razdoblju relativnog mira. Razvijao se obrt, vodila se je briga o naoru\u017eanju i itvr\u0111ivanju gradskih zidina, obnovljena je Mala \u0161terna. Godine 1547. Gianmaria Contarini dao je izgraditi Velika vrata od kojih su danas sa\u010duvane samo kamene uklade. Nekoliko desetlje\u0107a kasnije (1592.) kapetan Nicolo Salamon podigao je Mala vrata na zapadnoj strani grada.<\/p>\n<p>Novo doba gradnje nastupilo je nakon usko\u010dkih ratova. Izgra\u0111ena je nova pala\u010da podestata koja je kasnije do\u0161la u posjed obitelji Bigatto, godine 1784. dovr\u0161ena je gradnja crkve Bla\u017eene Djevice Marije. Danas drevni stari grad na bre\u017euljku vi\u0161e nije sredi\u0161te gradskog \u017eivota, u\u017eurbanost poslovnih ljudi, ve\u0107 novo, moderno naselje koje je nastalo u njegovu podno\u017eju, Fontana.<\/p>\n<div id='gallery-2' class='gallery galleryid-25 gallery-columns-3 gallery-size-thumbnail'><figure class='gallery-item'>\n\t\t\t<div class='gallery-icon landscape'>\n\t\t\t\t<a href='https:\/\/buzetski-dani.com\/hr\/o-buzetu\/subotina_001_01\/'><img loading=\"lazy\" decoding=\"async\" width=\"500\" height=\"300\" src=\"https:\/\/buzetski-dani.com\/wp-content\/uploads\/2014\/06\/subotina_001_01-500x300.jpg\" class=\"attachment-thumbnail size-thumbnail\" alt=\"\" \/><\/a>\n\t\t\t<\/div><\/figure><figure class='gallery-item'>\n\t\t\t<div class='gallery-icon landscape'>\n\t\t\t\t<a href='https:\/\/buzetski-dani.com\/hr\/o-buzetu\/subotina_002\/'><img loading=\"lazy\" decoding=\"async\" width=\"500\" height=\"300\" src=\"https:\/\/buzetski-dani.com\/wp-content\/uploads\/2014\/06\/subotina_002-500x300.jpg\" class=\"attachment-thumbnail size-thumbnail\" alt=\"\" \/><\/a>\n\t\t\t<\/div><\/figure><figure class='gallery-item'>\n\t\t\t<div class='gallery-icon landscape'>\n\t\t\t\t<a href='https:\/\/buzetski-dani.com\/hr\/o-buzetu\/subotina_003\/'><img loading=\"lazy\" decoding=\"async\" width=\"500\" height=\"300\" src=\"https:\/\/buzetski-dani.com\/wp-content\/uploads\/2014\/06\/subotina_003-500x300.jpg\" class=\"attachment-thumbnail size-thumbnail\" alt=\"\" \/><\/a>\n\t\t\t<\/div><\/figure>\n\t\t<\/div>\n\n<p>[\/vc_column_text][vc_column_text]<\/p>\n<h2>Buzet &#8211; grad tartufa<\/h2>\n<h5><em>Godine 1999. godine Buzet je progla\u0161en gradom tartufa u zoni tartufa koja se prote\u017ee na tri upravna podru\u010dja: Grad Buzet, Op\u0107ina Oprtalj, Op\u0107ina Motovun. U sredi\u0161tu tih upravnih podru\u010dja nalazi se Motovunska \u0161uma, stani\u0161te istarskog bijelog tartufa (tuber magnatum), skupocijenog gomolja \u010dija se vrijednost mjeri u gramima. Specifi\u010dnog je mirisa, pomalo neuglednog izgleda, ali zato izvanrednog okusa. Svake godine, drugog vikenda u mjesecu rujnu, uo\u010di crkvenog praznika sv. Marije Male (Dana Grada Buzeta \u2013 tradicionalna Subotina) na Trgu Fontana priprema se divovska fritada s tartufima (preko 2000 jaja i 10 kg tartufa) u tavi te\u0161koj oko 1000 kg, promjera 2,5 m. Time zapo\u010dinju i Dani tartufa na podru\u010dju zone tartufa. Naime, sezona tartufa traje od rujna do kraja studenog. To je pravo vrijeme da prvi puta va\u0161e nepce osjeti okus tartufa.<\/em><\/h5>\n<p>[\/vc_column_text][\/vc_column][\/vc_row]<\/p>\n<\/div>","protected":false},"excerpt":{"rendered":"<p>[vc_row][vc_column][vc_single_image image=&#8221;312&#8243; img_size=&#8221;full&#8221;][vc_column_text] Buzet, zajedno s okolicom, poznatom kao Buze\u0161tina obuhva\u0107a 165 km2 i oko 6000 stanovnika. Pod Buze\u0161tinom se podrazumijeva podru\u010dje grada Buzeta, te sva sela i zaselci Ro\u0161tine, Hum\u0161tine, Vrhuv\u0161tine, Ra\u010di\u0161tine, Sovinj\u0161tine. Podru\u010dje Buze\u0161tine smje\u0161teno je u najsjevernijem unutra\u0161njem dijelu Istre, na prostoru izme\u0111u tri velika gradska sredi\u0161ta: Rijeke, Trsta i Pule. Podru\u010dje [&hellip;]<\/p>\n","protected":false},"author":1,"featured_media":0,"parent":0,"menu_order":8,"comment_status":"closed","ping_status":"open","template":"","meta":{"_uag_custom_page_level_css":"","site-sidebar-layout":"no-sidebar","site-content-layout":"plain-container","ast-site-content-layout":"default","site-content-style":"default","site-sidebar-style":"default","ast-global-header-display":"","ast-banner-title-visibility":"","ast-main-header-display":"","ast-hfb-above-header-display":"","ast-hfb-below-header-display":"","ast-hfb-mobile-header-display":"","site-post-title":"disabled","ast-breadcrumbs-content":"","ast-featured-img":"disabled","footer-sml-layout":"","ast-disable-related-posts":"","theme-transparent-header-meta":"","adv-header-id-meta":"","stick-header-meta":"","header-above-stick-meta":"","header-main-stick-meta":"","header-below-stick-meta":"","astra-migrate-meta-layouts":"default","ast-page-background-enabled":"default","ast-page-background-meta":{"desktop":{"background-color":"","background-image":"","background-repeat":"repeat","background-position":"center center","background-size":"auto","background-attachment":"scroll","background-type":"","background-media":"","overlay-type":"","overlay-color":"","overlay-opacity":"","overlay-gradient":""},"tablet":{"background-color":"","background-image":"","background-repeat":"repeat","background-position":"center center","background-size":"auto","background-attachment":"scroll","background-type":"","background-media":"","overlay-type":"","overlay-color":"","overlay-opacity":"","overlay-gradient":""},"mobile":{"background-color":"","background-image":"","background-repeat":"repeat","background-position":"center center","background-size":"auto","background-attachment":"scroll","background-type":"","background-media":"","overlay-type":"","overlay-color":"","overlay-opacity":"","overlay-gradient":""}},"ast-content-background-meta":{"desktop":{"background-color":"var(--ast-global-color-5)","background-image":"","background-repeat":"repeat","background-position":"center center","background-size":"auto","background-attachment":"scroll","background-type":"","background-media":"","overlay-type":"","overlay-color":"","overlay-opacity":"","overlay-gradient":""},"tablet":{"background-color":"var(--ast-global-color-5)","background-image":"","background-repeat":"repeat","background-position":"center center","background-size":"auto","background-attachment":"scroll","background-type":"","background-media":"","overlay-type":"","overlay-color":"","overlay-opacity":"","overlay-gradient":""},"mobile":{"background-color":"var(--ast-global-color-5)","background-image":"","background-repeat":"repeat","background-position":"center center","background-size":"auto","background-attachment":"scroll","background-type":"","background-media":"","overlay-type":"","overlay-color":"","overlay-opacity":"","overlay-gradient":""}},"footnotes":""},"class_list":["post-25","page","type-page","status-publish","hentry"],"uagb_featured_image_src":{"full":false,"thumbnail":false,"medium":false,"medium_large":false,"large":false,"1536x1536":false,"2048x2048":false},"uagb_author_info":{"display_name":"Buzetski dani","author_link":"https:\/\/buzetski-dani.com\/hr\/author\/karmen\/"},"uagb_comment_info":0,"uagb_excerpt":"[vc_row][vc_column][vc_single_image image=&#8221;312&#8243; img_size=&#8221;full&#8221;][vc_column_text] Buzet, zajedno s okolicom, poznatom kao Buze\u0161tina obuhva\u0107a 165 km2 i oko 6000 stanovnika. Pod Buze\u0161tinom se podrazumijeva podru\u010dje grada Buzeta, te sva sela i zaselci Ro\u0161tine, Hum\u0161tine, Vrhuv\u0161tine, Ra\u010di\u0161tine, Sovinj\u0161tine. Podru\u010dje Buze\u0161tine smje\u0161teno je u najsjevernijem unutra\u0161njem dijelu Istre, na prostoru izme\u0111u tri velika gradska sredi\u0161ta: Rijeke, Trsta i Pule. Podru\u010dje&hellip;","_links":{"self":[{"href":"https:\/\/buzetski-dani.com\/hr\/wp-json\/wp\/v2\/pages\/25","targetHints":{"allow":["GET"]}}],"collection":[{"href":"https:\/\/buzetski-dani.com\/hr\/wp-json\/wp\/v2\/pages"}],"about":[{"href":"https:\/\/buzetski-dani.com\/hr\/wp-json\/wp\/v2\/types\/page"}],"author":[{"embeddable":true,"href":"https:\/\/buzetski-dani.com\/hr\/wp-json\/wp\/v2\/users\/1"}],"replies":[{"embeddable":true,"href":"https:\/\/buzetski-dani.com\/hr\/wp-json\/wp\/v2\/comments?post=25"}],"version-history":[{"count":14,"href":"https:\/\/buzetski-dani.com\/hr\/wp-json\/wp\/v2\/pages\/25\/revisions"}],"predecessor-version":[{"id":2528,"href":"https:\/\/buzetski-dani.com\/hr\/wp-json\/wp\/v2\/pages\/25\/revisions\/2528"}],"wp:attachment":[{"href":"https:\/\/buzetski-dani.com\/hr\/wp-json\/wp\/v2\/media?parent=25"}],"curies":[{"name":"wp","href":"https:\/\/api.w.org\/{rel}","templated":true}]}}