{"id":6,"date":"2025-07-04T10:14:33","date_gmt":"2025-07-04T10:14:33","guid":{"rendered":"https:\/\/buzetski-dani.com\/about\/"},"modified":"2025-08-06T13:52:42","modified_gmt":"2025-08-06T13:52:42","slug":"auto-klub-buzet","status":"publish","type":"page","link":"https:\/\/buzetski-dani.com\/en\/auto-klub-buzet\/","title":{"rendered":"AK BUZET"},"content":{"rendered":"<div class=\"wp-block-uagb-container uagb-block-25efe059 alignfull uagb-is-root-container\"><div class=\"uagb-container-inner-blocks-wrap\">\n<div class=\"wp-block-uagb-advanced-heading uagb-block-152b2cf8\"><h1 class=\"uagb-heading-text\">Auto klub BUZET<\/h1><\/div>\n<\/div><\/div>\n\n\n\n<div class=\"wp-block-uagb-container uagb-layout-grid uagb-block-fdf6e353 alignfull uagb-is-root-container\"><div class=\"uagb-container-inner-blocks-wrap\">\n<div class=\"wp-block-uagb-info-box uagb-block-a76e21cc uagb-infobox__content-wrap  uagb-infobox-icon-above-title uagb-infobox-image-valign-top\"><div class=\"uagb-ifb-content\"><div class=\"uagb-ifb-title-wrap\"><h2 class=\"uagb-ifb-title\"><bdo lang=\"en\" dir=\"ltr\">Motorsports in Buzet<\/bdo><\/h2><\/div><div class=\"uagb-ifb-separator\"><\/div><p class=\"uagb-ifb-desc\">The successful tradition of motor sports in Buzet dates back to the 1950s, when a group of local enthusiasts took on the task of organizing a motorcycle race.<br><br>It is particularly interesting to note that at that time, the number of cars in Buzet could be counted almost on the fingers of one hand. Along with the occasional &#8220;topolino&#8221;, the majority of the &#8220;high-octane&#8221; favorites were official vehicles of Buzet&#8217;s work organizations.<br><br>A particularly memorable event from that distant history was the karting race, in which drivers from five European countries participated, and Buzet was also marked on the motoring maps as the organizer of the rating and skill drives for the regional championship.<br><br>In addition to the increasingly high-quality &#8220;high-octane&#8221; events, Buzet also had a very successful motoring &#8220;crew&#8221; consisting of \u0110ani \u0160verko, at that time one of the better-known names in Yugoslav motor sports, Zvjezdan Ne\u017ei\u0107, Ser\u0111o \u0160verko and Mario Poropat.<\/p><\/div><\/div>\n\n\n\t\t\t\t\t<div\n\t\t\t\t\t\tclass=\"wp-block-uagb-image-gallery uagb-block-14728dc3     \"\n\t\t\t\t\t\tstyle=\"\"\n\t\t\t\t\t>\n\t\t\t\t\t\t\t\t\t\t\t<div class=\"spectra-image-gallery spectra-image-gallery__layout--tiled spectra-image-gallery__layout--tiled-col-3 spectra-image-gallery__layout--tiled-col-tab-3 spectra-image-gallery__layout--tiled-col-mob-3\">\n\t\t\t\t\t\t\t\t\t\t\t<div class='spectra-image-gallery__media-wrapper' data-spectra-gallery-image-id='96' tabindex=\"0\">\n\t\t\t\t\t\t\t<div class=\"spectra-image-gallery__media spectra-image-gallery__media--tiled\">\n\t\t\t\t<picture>\n\t\t\t\t\t<source media=\"(min-width: 1024px)\" srcset=\"https:\/\/buzetski-dani.com\/wp-content\/uploads\/2014\/06\/povijest-2.jpg\">\n\t\t\t\t\t<source media=\"(min-width: 768px)\" srcset=\"https:\/\/buzetski-dani.com\/wp-content\/uploads\/2014\/06\/povijest-2.jpg\">\n\t\t\t\t\t<img decoding=\"async\" class=\"spectra-image-gallery__media-thumbnail spectra-image-gallery__media-thumbnail--tiled\" src=\"https:\/\/buzetski-dani.com\/wp-content\/uploads\/2014\/06\/povijest-2.jpg\" alt=\"\" loading=\"lazy\" \/>\n\t\t\t\t<\/picture>\n\t\t\t\t<div class=\"spectra-image-gallery__media-thumbnail-blurrer\"><\/div>\n\t\t\t\t\t\t\t\t\t\t\t<div class=\"spectra-image-gallery__media-thumbnail-caption-wrapper spectra-image-gallery__media-thumbnail-caption-wrapper--overlay\"><\/div>\n\t\t\t\t\t\t\t\t<\/div>\n\t\t\t\t\t\t<\/div>\n\t\t\t\t\t\t<div class='spectra-image-gallery__media-wrapper' data-spectra-gallery-image-id='104' tabindex=\"0\">\n\t\t\t\t\t\t\t<div class=\"spectra-image-gallery__media spectra-image-gallery__media--tiled\">\n\t\t\t\t<picture>\n\t\t\t\t\t<source media=\"(min-width: 1024px)\" srcset=\"https:\/\/buzetski-dani.com\/wp-content\/uploads\/2014\/06\/povijest-10.jpg\">\n\t\t\t\t\t<source media=\"(min-width: 768px)\" srcset=\"https:\/\/buzetski-dani.com\/wp-content\/uploads\/2014\/06\/povijest-10.jpg\">\n\t\t\t\t\t<img decoding=\"async\" class=\"spectra-image-gallery__media-thumbnail spectra-image-gallery__media-thumbnail--tiled\" src=\"https:\/\/buzetski-dani.com\/wp-content\/uploads\/2014\/06\/povijest-10.jpg\" alt=\"\" loading=\"lazy\" \/>\n\t\t\t\t<\/picture>\n\t\t\t\t<div class=\"spectra-image-gallery__media-thumbnail-blurrer\"><\/div>\n\t\t\t\t\t\t\t\t\t\t\t<div class=\"spectra-image-gallery__media-thumbnail-caption-wrapper spectra-image-gallery__media-thumbnail-caption-wrapper--overlay\"><\/div>\n\t\t\t\t\t\t\t\t<\/div>\n\t\t\t\t\t\t<\/div>\n\t\t\t\t\t\t<div class='spectra-image-gallery__media-wrapper' data-spectra-gallery-image-id='99' tabindex=\"0\">\n\t\t\t\t\t\t\t<div class=\"spectra-image-gallery__media spectra-image-gallery__media--tiled\">\n\t\t\t\t<picture>\n\t\t\t\t\t<source media=\"(min-width: 1024px)\" srcset=\"https:\/\/buzetski-dani.com\/wp-content\/uploads\/2014\/06\/povijest-5.jpg\">\n\t\t\t\t\t<source media=\"(min-width: 768px)\" srcset=\"https:\/\/buzetski-dani.com\/wp-content\/uploads\/2014\/06\/povijest-5.jpg\">\n\t\t\t\t\t<img decoding=\"async\" class=\"spectra-image-gallery__media-thumbnail spectra-image-gallery__media-thumbnail--tiled\" src=\"https:\/\/buzetski-dani.com\/wp-content\/uploads\/2014\/06\/povijest-5.jpg\" alt=\"\" loading=\"lazy\" \/>\n\t\t\t\t<\/picture>\n\t\t\t\t<div class=\"spectra-image-gallery__media-thumbnail-blurrer\"><\/div>\n\t\t\t\t\t\t\t\t\t\t\t<div class=\"spectra-image-gallery__media-thumbnail-caption-wrapper spectra-image-gallery__media-thumbnail-caption-wrapper--overlay\"><\/div>\n\t\t\t\t\t\t\t\t<\/div>\n\t\t\t\t\t\t<\/div>\n\t\t\t\t\t\t<div class='spectra-image-gallery__media-wrapper' data-spectra-gallery-image-id='97' tabindex=\"0\">\n\t\t\t\t\t\t\t<div class=\"spectra-image-gallery__media spectra-image-gallery__media--tiled\">\n\t\t\t\t<picture>\n\t\t\t\t\t<source media=\"(min-width: 1024px)\" srcset=\"https:\/\/buzetski-dani.com\/wp-content\/uploads\/2014\/06\/povijest-3.jpg\">\n\t\t\t\t\t<source media=\"(min-width: 768px)\" srcset=\"https:\/\/buzetski-dani.com\/wp-content\/uploads\/2014\/06\/povijest-3.jpg\">\n\t\t\t\t\t<img decoding=\"async\" class=\"spectra-image-gallery__media-thumbnail spectra-image-gallery__media-thumbnail--tiled\" src=\"https:\/\/buzetski-dani.com\/wp-content\/uploads\/2014\/06\/povijest-3.jpg\" alt=\"\" loading=\"lazy\" \/>\n\t\t\t\t<\/picture>\n\t\t\t\t<div class=\"spectra-image-gallery__media-thumbnail-blurrer\"><\/div>\n\t\t\t\t\t\t\t\t\t\t\t<div class=\"spectra-image-gallery__media-thumbnail-caption-wrapper spectra-image-gallery__media-thumbnail-caption-wrapper--overlay\"><\/div>\n\t\t\t\t\t\t\t\t<\/div>\n\t\t\t\t\t\t<\/div>\n\t\t\t\t\t\t<div class='spectra-image-gallery__media-wrapper' data-spectra-gallery-image-id='114' tabindex=\"0\">\n\t\t\t\t\t\t\t<div class=\"spectra-image-gallery__media spectra-image-gallery__media--tiled\">\n\t\t\t\t<picture>\n\t\t\t\t\t<source media=\"(min-width: 1024px)\" srcset=\"https:\/\/buzetski-dani.com\/wp-content\/uploads\/2014\/06\/povijest-20.jpg\">\n\t\t\t\t\t<source media=\"(min-width: 768px)\" srcset=\"https:\/\/buzetski-dani.com\/wp-content\/uploads\/2014\/06\/povijest-20.jpg\">\n\t\t\t\t\t<img decoding=\"async\" class=\"spectra-image-gallery__media-thumbnail spectra-image-gallery__media-thumbnail--tiled\" src=\"https:\/\/buzetski-dani.com\/wp-content\/uploads\/2014\/06\/povijest-20.jpg\" alt=\"\" loading=\"lazy\" \/>\n\t\t\t\t<\/picture>\n\t\t\t\t<div class=\"spectra-image-gallery__media-thumbnail-blurrer\"><\/div>\n\t\t\t\t\t\t\t\t\t\t\t<div class=\"spectra-image-gallery__media-thumbnail-caption-wrapper spectra-image-gallery__media-thumbnail-caption-wrapper--overlay\"><\/div>\n\t\t\t\t\t\t\t\t<\/div>\n\t\t\t\t\t\t<\/div>\n\t\t\t\t\t\t<div class='spectra-image-gallery__media-wrapper' data-spectra-gallery-image-id='116' tabindex=\"0\">\n\t\t\t\t\t\t\t<div class=\"spectra-image-gallery__media spectra-image-gallery__media--tiled\">\n\t\t\t\t<picture>\n\t\t\t\t\t<source media=\"(min-width: 1024px)\" srcset=\"https:\/\/buzetski-dani.com\/wp-content\/uploads\/2014\/06\/povijest-22.jpg\">\n\t\t\t\t\t<source media=\"(min-width: 768px)\" srcset=\"https:\/\/buzetski-dani.com\/wp-content\/uploads\/2014\/06\/povijest-22.jpg\">\n\t\t\t\t\t<img decoding=\"async\" class=\"spectra-image-gallery__media-thumbnail spectra-image-gallery__media-thumbnail--tiled\" src=\"https:\/\/buzetski-dani.com\/wp-content\/uploads\/2014\/06\/povijest-22.jpg\" alt=\"\" loading=\"lazy\" \/>\n\t\t\t\t<\/picture>\n\t\t\t\t<div class=\"spectra-image-gallery__media-thumbnail-blurrer\"><\/div>\n\t\t\t\t\t\t\t\t\t\t\t<div class=\"spectra-image-gallery__media-thumbnail-caption-wrapper spectra-image-gallery__media-thumbnail-caption-wrapper--overlay\"><\/div>\n\t\t\t\t\t\t\t\t<\/div>\n\t\t\t\t\t\t<\/div>\n\t\t\t\t\t\t\t\t\t\t\t<div class=\"spectra-image-gallery__media-sizer\"><\/div>\n\t\t\t\t\t\t\t<\/div>\n\t\t\t\t\t\t\t\t\t\t\t<\/div>\n\t\t\t\t\t\t\t\t\t<\/div><\/div>\n\n\n\n<div class=\"wp-block-uagb-container uagb-layout-grid uagb-block-ada1b635 alignfull uagb-is-root-container\"><div class=\"uagb-container-inner-blocks-wrap\">\n<div class=\"wp-block-uagb-advanced-heading uagb-block-85aae344\"><h4 class=\"uagb-heading-text\">HILL CLIMB RACE<\/h4><div class=\"uagb-separator\"><\/div><p class=\"uagb-desc-text\">Up to 1972, when Auto-Moto Society of Buzet was founded, car enthusiasts beneath Cicarija worked in various inadequate conditions, which demanded additional involvement in preparations of events. Nevertheless, they always strived to do their best and fulfil the given tasks.<br><br>The end of the seventies marked the coming of the new, young generation, potential competitors and organizers, who began taking care of the events anew, within the event of \u201cBuzetski dani\u201d, the Days of Buzet. At first, the events had the nature of touristic, rally ones, of both national and international character. <br><br>The races took place all around Buzet and were open to everybody. Little by little, the small events were replaced by one \u2013 bigger and more significant.<br><br>As it was estimated Buzet had the best possibilities for organizing such an event, the local race took over.<\/p><\/div>\n\n\n\n<div class=\"wp-block-uagb-advanced-heading uagb-block-f897f70d\"><h4 class=\"uagb-heading-text\">THE GOLDEN GENERATION<\/h4><div class=\"uagb-separator\"><\/div><p class=\"uagb-desc-text\">The golden age of Buzet car racing were the mid-eighties, when the event became known on the international racing scene and other drivers came to race here. Also, drivers from Buzet were successful in events across the country.<br><br>The Golden Generation \u2013 Branko Basic, Silvano Vivoda, zarko Bauman and Dubravko Bosnjakovic \u2013 won bronze three times in a row in ex-Yugoslav championship. These accomplishments were even richer by Branko Basic\u2019s solo career; twice the champion and twice the runner up in ex-Yugoslavia.<br><br>Buzet was always his special track. He had won beneath Cicarija in 1982, on the first race with the popular \u201cFico\u201d, a 1000 cheering his victory, then consequently in 1984 and 1985. In the first five years he climbed the throne 8 times.<br><br>His \u201cFico\u201d brought him the title of the Champion of Yugoslavia in 1982, 1984, 1985 and in 1986. In 1983 the title was taken by his fellow townsman, Dubravko Bosnjakovic. Zarko Bauman and Dubravko Bosnjakovic won the Republic Championship in 1987, Branko Basic in 1989, 1990 and in 1992 and finally Silvano Vivoda in Class N1 and Valter Nezic in \u201cAutocolor\u201d Cup, Skoda Felicia competition in 1999.<br><br>Branko Basic was voted Sportsman of the Year in 1993 and Valter Nezic in 2000.<\/p><\/div>\n<\/div><\/div>\n\n\n\n<div class=\"wp-block-uagb-container uagb-block-l9c2p6pa alignfull uagb-is-root-container\"><div class=\"uagb-container-inner-blocks-wrap\">\n<div class=\"wp-block-uagb-container uagb-block-mjy6mdwq\">\n<div class=\"wp-block-uagb-info-box uagb-block-qlgtw1eo uagb-infobox__content-wrap  uagb-infobox-icon-above-title uagb-infobox-image-valign-top\"><div class=\"uagb-ifb-content\"><div class=\"uagb-ifb-title-wrap\"><h2 class=\"uagb-ifb-title\">HISTORY<\/h2><\/div><\/div><\/div>\n\n\n\n<div class=\"wp-block-uagb-info-box uagb-block-ei4xsd4v uagb-infobox__content-wrap  uagb-infobox-icon-above-title uagb-infobox-image-valign-top\"><div class=\"uagb-ifb-content\"><div class=\"uagb-ifb-title-wrap\"><\/div><p class=\"uagb-ifb-desc\">Passion and tradition on the trails of Buzet.<\/p><\/div><\/div>\n<\/div>\n\n\n\n<div class=\"wp-block-uagb-container uagb-layout-grid uagb-block-sezqo2gc\">\n<div class=\"wp-block-uagb-container uagb-block-ao5p4e5t\">\n<div class=\"wp-block-uagb-info-box uagb-block-lj0qgtml uagb-infobox__content-wrap  uagb-infobox-icon-left-title uagb-infobox-left uagb-infobox-image-valign-middle\"><div class=\"uagb-ifb-content\"><div class=\"uagb-ifb-left-title-image\"><div class=\"uagb-ifb-icon-wrap\"><div class=\"uagb-iconbox-icon-wrap uagb-infobox-shape-circle\"><svg xmlns=\"https:\/\/www.w3.org\/2000\/svg\" viewBox=\"0 0 512 512\"><path d=\"M256 0C397.4 0 512 114.6 512 256C512 397.4 397.4 512 256 512C201.7 512 151.2 495 109.7 466.1C95.2 455.1 91.64 436 101.8 421.5C111.9 407 131.8 403.5 146.3 413.6C177.4 435.3 215.2 448 256 448C362 448 448 362 448 256C448 149.1 362 64 256 64C202.1 64 155 85.46 120.2 120.2L151 151C166.1 166.1 155.4 192 134.1 192H24C10.75 192 0 181.3 0 168V57.94C0 36.56 25.85 25.85 40.97 40.97L74.98 74.98C121.3 28.69 185.3 0 255.1 0L256 0zM256 128C269.3 128 280 138.7 280 152V246.1L344.1 311C354.3 320.4 354.3 335.6 344.1 344.1C335.6 354.3 320.4 354.3 311 344.1L239 272.1C234.5 268.5 232 262.4 232 256V152C232 138.7 242.7 128 256 128V128z\"><\/path><\/svg><\/div><\/div><div class=\"uagb-ifb-title-wrap\"><h3 class=\"uagb-ifb-title\">Youth and experience at work<\/h3><\/div><\/div><p class=\"uagb-ifb-desc\">In October, 1981 at the meeting of the Sports Committee and the local Presidium in the rooms of Narodni dom, the idea was debated seriously for the first time. Present at the meeting were the then President of AMK \u201cBuzet\u201d, Ivan Prodan, Members of the Presidium, Branko Basic, Miljenko Nikolic and late Mario Poropat and Members of the Sports Committee, Zarko Bauman, zeljko Hren and Damir Rupena. At that meeting of \u201cyouth and experience\u201d, after a somewhat long discussion, the decision was made to enter the race for the official competition of the State Championship.<br><br>Along with the \u201chigher dosage of enthusiasm\u201d, which is very often necessary in organizing such an event, the team from Buzet left nothing to improvisation. They visited the event on Pohorje, Slovenia, which was famed as the best organized event in ex-Yugoslavia, and witnessed the challenge first-hand. They remembered well all they had seen and transferred the knowledge on their home-town.<\/p><\/div><\/div>\n<\/div>\n\n\n\n<div class=\"wp-block-uagb-container uagb-block-wogowqt9\">\n<div class=\"wp-block-uagb-info-box uagb-block-gcuvbuex uagb-infobox__content-wrap  uagb-infobox-icon-left-title uagb-infobox-left uagb-infobox-image-valign-middle\"><div class=\"uagb-ifb-content\"><div class=\"uagb-ifb-left-title-image\"><div class=\"uagb-ifb-icon-wrap\"><div class=\"uagb-iconbox-icon-wrap uagb-infobox-shape-circle\"><svg xmlns=\"https:\/\/www.w3.org\/2000\/svg\" viewBox=\"0 0 512 512\"><path d=\"M480 179.6C498.6 188.4 512 212.1 512 240C512 267.9 498.6 291.6 480 300.4V448C480 460.9 472.2 472.6 460.2 477.6C448.3 482.5 434.5 479.8 425.4 470.6L381.7 426.1C333.7 378.1 268.6 352 200.7 352H192V480C192 497.7 177.7 512 160 512H96C78.33 512 64 497.7 64 480V352C28.65 352 0 323.3 0 288V192C0 156.7 28.65 128 64 128H200.7C268.6 128 333.7 101 381.7 53.02L425.4 9.373C434.5 .2215 448.3-2.516 460.2 2.437C472.2 7.39 480 19.06 480 32V179.6zM200.7 192H192V288H200.7C280.5 288 357.2 317.8 416 371.3V108.7C357.2 162.2 280.5 192 200.7 192V192z\"><\/path><\/svg><\/div><\/div><div class=\"uagb-ifb-title-wrap\"><h3 class=\"uagb-ifb-title\">The first hill climb race<\/h3><\/div><\/div><p class=\"uagb-ifb-desc\">On the 5th September, 1982 the first hill climb race took place on the track 4209 metres long, from Most to Svi Sveti. For the Buzet Car Club, this was the best prize for their ten-year work. There were 105 drivers in four classes, which was quite a number for the then- championship. That year, the newly organizers got a prize for organising a successful event. The Yugoslav Car Federation gave prizes to Buzet organizers again in 1983, 1984 and in 1985. To this day, the organizer\u2019s shelves are full of cups and medals, the last one to arrive for the last year\u2019s event.<\/p><\/div><\/div>\n<\/div>\n\n\n\n<div class=\"wp-block-uagb-container uagb-block-3o5i7xqc\">\n<div class=\"wp-block-uagb-info-box uagb-block-gi52u9wj uagb-infobox__content-wrap  uagb-infobox-icon-left-title uagb-infobox-left uagb-infobox-image-valign-middle\"><div class=\"uagb-ifb-content\"><div class=\"uagb-ifb-left-title-image\"><div class=\"uagb-ifb-icon-wrap\"><div class=\"uagb-iconbox-icon-wrap uagb-infobox-shape-circle\"><svg xmlns=\"https:\/\/www.w3.org\/2000\/svg\" viewBox=\"0 0 512 512\"><path d=\"M64 496C64 504.8 56.75 512 48 512h-32C7.25 512 0 504.8 0 496V32c0-17.75 14.25-32 32-32s32 14.25 32 32V496zM476.3 0c-6.365 0-13.01 1.35-19.34 4.233c-45.69 20.86-79.56 27.94-107.8 27.94c-59.96 0-94.81-31.86-163.9-31.87C160.9 .3055 131.6 4.867 96 15.75v350.5c32-9.984 59.87-14.1 84.85-14.1c73.63 0 124.9 31.78 198.6 31.78c31.91 0 68.02-5.971 111.1-23.09C504.1 355.9 512 344.4 512 332.1V30.73C512 11.1 495.3 0 476.3 0z\"><\/path><\/svg><\/div><\/div><div class=\"uagb-ifb-title-wrap\"><h3 class=\"uagb-ifb-title\">Europe in Buzet<\/h3><\/div><\/div><p class=\"uagb-ifb-desc\">An extremely critical financial situation nearly delayed the seventh Buzetski dani event in 1988. Furthermore, the war threatened it in 1991. Nevertheless, a humble organization continued the tradition. The troubles did not affect the event so Buzet, once again, proved to be the Mecca of Croatian motoring. The pages of racing tradition in Buzet are, nonetheless, painted in much brighter colours \u2013 the year which particularly stands out is the 1990. Two races took place then: the scheduled one in September and the Alpe-Dunav Cup (the Alps-Danube Cup) in May, which gathered the European racing car elite.<br><br>During following years, the Buzet event was one of the most visited in the area, so the candidature for the European Hill Climb Event was quite understandable. For the same reason, the track changes its length for the first time in 2000 \u2013 it is extended to the village of Penicici to 5001 metres.<\/p><\/div><\/div>\n<\/div>\n\n\n\n<div class=\"wp-block-uagb-container uagb-block-8f9cda07\">\n<div class=\"wp-block-uagb-info-box uagb-block-f5f28cd2 uagb-infobox__content-wrap  uagb-infobox-icon-left-title uagb-infobox-left uagb-infobox-image-valign-middle\"><div class=\"uagb-ifb-content\"><div class=\"uagb-ifb-left-title-image\"><div class=\"uagb-ifb-icon-wrap\"><div class=\"uagb-iconbox-icon-wrap uagb-infobox-shape-circle\"><svg xmlns=\"https:\/\/www.w3.org\/2000\/svg\" viewBox=\"0 0 576 512\"><path d=\"M572.1 82.38C569.5 71.59 559.8 64 548.7 64h-100.8c.2422-12.45 .1078-23.7-.1559-33.02C447.3 13.63 433.2 0 415.8 0H160.2C142.8 0 128.7 13.63 128.2 30.98C127.1 40.3 127.8 51.55 128.1 64H27.26C16.16 64 6.537 71.59 3.912 82.38C3.1 85.78-15.71 167.2 37.07 245.9c37.44 55.82 100.6 95.03 187.5 117.4c18.7 4.805 31.41 22.06 31.41 41.37C256 428.5 236.5 448 212.6 448H208c-26.51 0-47.99 21.49-47.99 48c0 8.836 7.163 16 15.1 16h223.1c8.836 0 15.1-7.164 15.1-16c0-26.51-21.48-48-47.99-48h-4.644c-23.86 0-43.36-19.5-43.36-43.35c0-19.31 12.71-36.57 31.41-41.37c86.96-22.34 150.1-61.55 187.5-117.4C591.7 167.2 572.9 85.78 572.1 82.38zM77.41 219.8C49.47 178.6 47.01 135.7 48.38 112h80.39c5.359 59.62 20.35 131.1 57.67 189.1C137.4 281.6 100.9 254.4 77.41 219.8zM498.6 219.8c-23.44 34.6-59.94 61.75-109 81.22C426.9 243.1 441.9 171.6 447.2 112h80.39C528.1 135.7 526.5 178.7 498.6 219.8z\"><\/path><\/svg><\/div><\/div><div class=\"uagb-ifb-title-wrap\"><h3 class=\"uagb-ifb-title\">Record Holders<\/h3><\/div><\/div><p class=\"uagb-ifb-desc\">Alongside home drivers, Buzet spectators remember the few other drivers who tried beating the record of the track \u2013 a matter of prestige. The first record-to-beat was set by a Slovene driver, Silvan Lulik in his Opel Kadet; by driving at 85,360 km\/ph he passed the 4209m track in 2.57,51 mins. The following year he beat his own record for almost 10 seconds. In 1984, the record holder was Stojan Pirjevec, member of Slovene Donit Olimpija Club in his Fiat 131 Abarth car. In 1985 the record was categorised for the first time and the Cup went to Austrian driver, Ernest Prieger in his Lancia Stratos (time: 2.40, 00). In 1998, Josef Zajelsnik beats the record in his Formula to 2.18, 02 and the following year he drives even faster: 2.12, 47. To this day he is the absolute track record holder. With the track longer, the new record in 2000 was set by the Czech Republic driver, Jirzi Micanek, 2.31, 251 minutes. In 2003 new record was beat by Denny Zardo (time: 2.15,338).<\/p><\/div><\/div>\n<\/div>\n<\/div>\n<\/div><\/div>\n\n\n\n<div class=\"wp-block-uagb-container uagb-block-vjosh9p5 alignfull uagb-is-root-container\"><div class=\"uagb-container-inner-blocks-wrap\">\n<div class=\"wp-block-uagb-info-box uagb-block-7sifan1v uagb-infobox__content-wrap  uagb-infobox-icon-above-title uagb-infobox-image-valign-top\"><div class=\"uagb-ifb-content\"><div class=\"uagb-ifb-title-wrap\"><h3 class=\"uagb-ifb-title\">Get to know all the rules, organization, and values of our club through the official statute.<\/h3><\/div><\/div><\/div>\n\n\n\n<div class=\"wp-block-uagb-container uagb-block-km2uctvb\">\n<div class=\"wp-block-uagb-buttons uagb-buttons__outer-wrap uagb-btn__default-btn uagb-btn-tablet__default-btn uagb-btn-mobile__default-btn uagb-block-mabrxjqv\"><div class=\"uagb-buttons__wrap uagb-buttons-layout-wrap \">\n<div class=\"wp-block-uagb-buttons-child uagb-buttons__outer-wrap uagb-block-2eieyihq wp-block-button\"><div class=\"uagb-button__wrapper\"><a class=\"uagb-buttons-repeater wp-block-button__link\" aria-label=\"\" href=\"#\" rel=\"follow noopener\" target=\"_self\" role=\"button\"><div class=\"uagb-button__link\">OPEN STATUTE<\/div><\/a><\/div><\/div>\n<\/div><\/div>\n<\/div>\n<\/div><\/div>","protected":false},"excerpt":{"rendered":"<p>Auto klub BUZET HILL CLIMB RACE Up to 1972, when Auto-Moto Society of Buzet was founded, car enthusiasts beneath Cicarija worked in various inadequate conditions, which demanded additional involvement in preparations of events. Nevertheless, they always strived to do their best and fulfil the given tasks. The end of the seventies marked the coming of [&hellip;]<\/p>\n","protected":false},"author":1,"featured_media":0,"parent":0,"menu_order":0,"comment_status":"closed","ping_status":"closed","template":"","meta":{"_uag_custom_page_level_css":"","site-sidebar-layout":"no-sidebar","site-content-layout":"plain-container","ast-site-content-layout":"full-width-container","site-content-style":"unboxed","site-sidebar-style":"unboxed","ast-global-header-display":"","ast-banner-title-visibility":"","ast-main-header-display":"","ast-hfb-above-header-display":"","ast-hfb-below-header-display":"","ast-hfb-mobile-header-display":"","site-post-title":"disabled","ast-breadcrumbs-content":"","ast-featured-img":"disabled","footer-sml-layout":"","ast-disable-related-posts":"","theme-transparent-header-meta":"enabled","adv-header-id-meta":"","stick-header-meta":"","header-above-stick-meta":"","header-main-stick-meta":"","header-below-stick-meta":"","astra-migrate-meta-layouts":"set","ast-page-background-enabled":"default","ast-page-background-meta":{"desktop":{"background-color":"","background-image":"","background-repeat":"repeat","background-position":"center center","background-size":"auto","background-attachment":"scroll","background-type":"","background-media":"","overlay-type":"","overlay-color":"","overlay-opacity":"","overlay-gradient":""},"tablet":{"background-color":"","background-image":"","background-repeat":"repeat","background-position":"center center","background-size":"auto","background-attachment":"scroll","background-type":"","background-media":"","overlay-type":"","overlay-color":"","overlay-opacity":"","overlay-gradient":""},"mobile":{"background-color":"","background-image":"","background-repeat":"repeat","background-position":"center center","background-size":"auto","background-attachment":"scroll","background-type":"","background-media":"","overlay-type":"","overlay-color":"","overlay-opacity":"","overlay-gradient":""}},"ast-content-background-meta":{"desktop":{"background-color":"var(--ast-global-color-5)","background-image":"","background-repeat":"repeat","background-position":"center center","background-size":"auto","background-attachment":"scroll","background-type":"","background-media":"","overlay-type":"","overlay-color":"","overlay-opacity":"","overlay-gradient":""},"tablet":{"background-color":"var(--ast-global-color-5)","background-image":"","background-repeat":"repeat","background-position":"center center","background-size":"auto","background-attachment":"scroll","background-type":"","background-media":"","overlay-type":"","overlay-color":"","overlay-opacity":"","overlay-gradient":""},"mobile":{"background-color":"var(--ast-global-color-5)","background-image":"","background-repeat":"repeat","background-position":"center center","background-size":"auto","background-attachment":"scroll","background-type":"","background-media":"","overlay-type":"","overlay-color":"","overlay-opacity":"","overlay-gradient":""}},"footnotes":""},"class_list":["post-6","page","type-page","status-publish","hentry"],"uagb_featured_image_src":{"full":false,"thumbnail":false,"medium":false,"medium_large":false,"large":false,"1536x1536":false,"2048x2048":false},"uagb_author_info":{"display_name":"Buzetski dani","author_link":"https:\/\/buzetski-dani.com\/en\/author\/karmen\/"},"uagb_comment_info":0,"uagb_excerpt":"Auto klub BUZET HILL CLIMB RACE Up to 1972, when Auto-Moto Society of Buzet was founded, car enthusiasts beneath Cicarija worked in various inadequate conditions, which demanded additional involvement in preparations of events. Nevertheless, they always strived to do their best and fulfil the given tasks. The end of the seventies marked the coming of&hellip;","_links":{"self":[{"href":"https:\/\/buzetski-dani.com\/en\/wp-json\/wp\/v2\/pages\/6","targetHints":{"allow":["GET"]}}],"collection":[{"href":"https:\/\/buzetski-dani.com\/en\/wp-json\/wp\/v2\/pages"}],"about":[{"href":"https:\/\/buzetski-dani.com\/en\/wp-json\/wp\/v2\/types\/page"}],"author":[{"embeddable":true,"href":"https:\/\/buzetski-dani.com\/en\/wp-json\/wp\/v2\/users\/1"}],"replies":[{"embeddable":true,"href":"https:\/\/buzetski-dani.com\/en\/wp-json\/wp\/v2\/comments?post=6"}],"version-history":[{"count":95,"href":"https:\/\/buzetski-dani.com\/en\/wp-json\/wp\/v2\/pages\/6\/revisions"}],"predecessor-version":[{"id":4523,"href":"https:\/\/buzetski-dani.com\/en\/wp-json\/wp\/v2\/pages\/6\/revisions\/4523"}],"wp:attachment":[{"href":"https:\/\/buzetski-dani.com\/en\/wp-json\/wp\/v2\/media?parent=6"}],"curies":[{"name":"wp","href":"https:\/\/api.w.org\/{rel}","templated":true}]}}